{"id":2896,"date":"2016-06-20T07:48:11","date_gmt":"2016-06-20T05:48:11","guid":{"rendered":"https:\/\/www.gb-id.org\/home\/"},"modified":"2025-05-16T12:20:44","modified_gmt":"2025-05-16T10:20:44","slug":"home","status":"publish","type":"page","link":"https:\/\/www.gb-id.org\/cs\/","title":{"rendered":"Home"},"content":{"rendered":"<div class=\"wpb-content-wrapper\"><p>[vc_row full_width_css=&#8220;stretch_row_css&#8220; wrap_container=&#8220;yes&#8220; css=&#8220;.vc_custom_1738766762555{padding-top: 60px !important;padding-right: 30px !important;padding-bottom: 30px !important;padding-left: 30px !important;background-color: #264a0c !important;}&#8220; conditional_render=&#8220;%5B%7B%22value_role%22%3A%22administrator%22%7D%5D&#8220; css_params=&#8220;&#8220;][vc_column][vc_column_text css=&#8220;&#8220; css_params=&#8220;&#8220;]<\/p>\n<h2 style=\"text-align: left; color: #fff;\">V\u00edtejte na platform\u011b transparentnosti organizace GREEN BRANDS!<\/h2>\n<p>[\/vc_column_text][\/vc_column][\/vc_row][vc_row][vc_column][vc_empty_space height=&#8220;80px&#8220; css_params=&#8220;&#8220;][\/vc_column][\/vc_row][vc_row wrap_container=&#8220;yes&#8220; conditional_render=&#8220;%5B%7B%22value_role%22%3A%22administrator%22%7D%5D&#8220; css_params=&#8220;&#8220;][vc_column width=&#8220;1\/2&#8243;][\/vc_column][vc_column width=&#8220;1\/2&#8243; conditional_render=&#8220;%5B%7B%22value_role%22%3A%22administrator%22%7D%5D&#8220; css_params=&#8220;&#8220;][\/vc_column][\/vc_row][vc_row wrap_container=&#8220;yes&#8220; conditional_render=&#8220;%5B%7B%22value_role%22%3A%22administrator%22%7D%5D&#8220; css_params=&#8220;&#8220;][vc_column width=&#8220;1\/2&#8243;][vc_column_text css=&#8220;.vc_custom_1738765363993{padding-right: 10% !important;}&#8220; css_params=&#8220;&#8220;]Od roku 2011 ud\u011bluje GREEN BRANDS  v mezin\u00e1rodn\u00ed spolupr\u00e1ci s nez\u00e1visl\u00fdmi institucemi a spole\u010dnostmi v oblasti ochrany \u017eivotn\u00edho prost\u0159ed\u00ed\/klimatu a udr\u017eitelnosti ekologicky udr\u017eiteln\u00fdm zna\u010dk\u00e1m pe\u010de\u0165 kvality GREEN BRAND.<\/p>\n<p>Pe\u010de\u0165 kvality GREEN BRAND  je ofici\u00e1ln\u011b registrovan\u00e1 jako certifika\u010dn\u00ed ochrann\u00e1 zn\u00e1mka EU pro ekologickou udr\u017eitelnost s nez\u00e1visl\u00fdm, transparentn\u00edm a neutr\u00e1ln\u00edm auditn\u00edm postupem.<\/p>\n<p>Pe\u010det\u00ed kvality GREEN BRAND jsou ocen\u011bny a poct\u011bny  zna\u010dky (firmy, v\u00fdrobky, poskytovatel\u00e9 slu\u017eeb, potraviny, sdru\u017een\u00ed, osobnosti), kter\u00e9 prokazateln\u011b v\u011bnuj\u00ed zvl\u00e1\u0161tn\u00ed p\u00e9\u010di ochran\u011b \u017eivotn\u00edho prost\u0159ed\u00ed, klimatu, p\u0159\u00edrody, biologick\u00e9 rozmanitosti a zdroj\u016f a odpov\u011bdn\u011b s nimi nakl\u00e1daj\u00ed.[\/vc_column_text][\/vc_column][vc_column width=&#8220;1\/2&#8243; conditional_render=&#8220;%5B%7B%22value_role%22%3A%22administrator%22%7D%5D&#8220; css_params=&#8220;&#8220; css=&#8220;.vc_custom_1738764399860{border-top-width: 1px !important;border-right-width: 1px !important;border-bottom-width: 1px !important;border-left-width: 1px !important;padding-top: 30px !important;padding-right: 30px !important;padding-bottom: 30px !important;padding-left: 30px !important;background-color: #eaeaea !important;border-left-style: solid !important;border-right-style: solid !important;border-top-style: solid !important;border-bottom-style: solid !important;border-radius: 20px !important;border-color: #eaeaea !important;}&#8220;][vc_empty_space height=&#8220;15px&#8220; css_params=&#8220;&#8220;][vc_column_text css=&#8220;.vc_custom_1738770502844{padding-left: 20px !important;}&#8220; css_params=&#8220;&#8220;]<\/p>\n<h4>Vyhled\u00e1v\u00e1n\u00ed v\u00fdsledk\u016f hodnocen\u00ed<\/h4>\n<p>Tato platforma slou\u017e\u00ed k transparentnosti na\u0161eho procesu.<br \/>\nZad\u00e1n\u00edm identifika\u010dn\u00edho \u010d\u00edsla do vyhled\u00e1vac\u00edho pole (zad\u00e1vejte pros\u00edm bez mezer) z\u00edsk\u00e1te podrobn\u00fd v\u00fdsledek hodnocen\u00ed pro p\u0159\u00edslu\u0161nou zna\u010dku.<br \/>\n[\/vc_column_text][vc_empty_space height=&#8220;15px&#8220; css_params=&#8220;&#8220;][vc_column_text css=&#8220;.vc_custom_1738766941673{border-top-width: 1px !important;border-right-width: 1px !important;border-bottom-width: 1px !important;border-left-width: 1px !important;padding-top: 30px !important;padding-right: 30px !important;padding-bottom: 30px !important;padding-left: 30px !important;background-color: var(&#8211;porto-secondary-color) !important;border-left-style: solid !important;border-right-style: solid !important;border-top-style: solid !important;border-bottom-style: solid !important;border-radius: 20px !important;border-color: var(&#8211;porto-secondary-color) !important;}&#8220; css_params=&#8220;&#8220;]\t\t<style>\n\t\t\t\n\t\t\t\t\t\t\t#searchwp-form-1 .swp-input,\n                #searchwp-form-1 .swp-select {\n                    border: 1px solid #ffffff;\n                    border-radius: 5px;\n                }\n\t\t\t\t#searchwp-form-1 .searchwp-form-input-container .swp-select {\n                    border-top-right-radius: 0;\n                    border-bottom-right-radius: 0;\n                    border-right: 0;\n                }\n\t\t\t\t#searchwp-form-1 .searchwp-form-input-container .swp-select + .swp-input {\n                    border-top-left-radius: 0;\n                    border-bottom-left-radius: 0;\n                }\n\t\t\t\t#searchwp-form-1 input[type=submit] {\n                    border-radius: 5px;\n                }\n\t\t\t\n\t\t\t\n\t\t\t                #searchwp-form-1 .swp-toggle-checkbox:checked + .swp-toggle-switch,\n                #searchwp-form-1 .swp-toggle-switch--checked  {\n                    background: #ffffff;\n                }\n\t\t\t\n\t\t\t\n\t\t\t\n\t\t\t\t\t\t\t#searchwp-form-1 input[type=submit] {\n                    background-color: transparent;\n                    border: 1px solid#ffffff;\n                }\n\t\t\t\n\t\t\t\t\t\t\t#searchwp-form-1 input[type=submit] {\n                    color: #ffffff;\n                }\n\t\t\t\n\t\t\t\t\t<\/style>\n\t\t\t\t<form id=\"searchwp-form-1\"\n\t\t\trole=\"search\"\n\t\t\tmethod=\"get\"\n\t\t\tclass=\"searchwp-form\"\n\t\t\taction=\"https:\/\/www.gb-id.org\/cs\/\"\n\t\t\taria-label=\"Search\">\n\t\t\t<input type=\"hidden\" name=\"swp_form[form_id]\" value=\"1\">\n\t\t\t<div class=\"swp-flex--col swp-flex--wrap swp-flex--gap-md\">\n\t\t\t\t<div class=\"swp-flex--row swp-items-stretch swp-flex--gap-md\">\n\t\t\t\t\t<div class=\"searchwp-form-input-container swp-items-stretch\">\n\t\t\t\t\t\t\n\t\t\t\t\t\t\t\t\t\t\t\t\t\t\t\t\t\t<input type=\"search\"\n\t\t\t\t\t\t\tclass=\"swp-input--search swp-input\"\n\t\t\t\t\t\t\tplaceholder=\"Enter ID without space\"\n\t\t\t\t\t\t\tvalue=\"\"\n\t\t\t\t\t\t\tname=\"s\"\n\t\t\t\t\t\t\ttitle=\"Enter ID without space\"\n\t\t\t\t\t\t   \taria-label=\"Search\"\n\t\t\t\t\t\t\taria-required=\"false\"\n\t\t\t\t\t\t\t                        \/>\n\t\t\t\t\t<\/div>\n\n\t\t\t\t\t\n\t\t\t\t<\/div>\n\n\t\t\t\t\n\t\t\t\t\t\t\t<\/div>\n\t\t\t\t\t<\/form>\n\t\t[\/vc_column_text][\/vc_column][\/vc_row][vc_row][vc_column][vc_empty_space height=&#8220;80px&#8220; css_params=&#8220;&#8220;][\/vc_column][\/vc_row][vc_row full_width_css=&#8220;stretch_row_css&#8220; wrap_container=&#8220;yes&#8220; conditional_render=&#8220;%5B%7B%22value_role%22%3A%22administrator%22%7D%5D&#8220; css_params=&#8220;&#8220; css=&#8220;.vc_custom_1738765145322{padding-top: 60px !important;padding-right: 30px !important;padding-bottom: 30px !important;padding-left: 30px !important;background-color: #eaeaea !important;}&#8220;][vc_column][vc_column_text css=&#8220;&#8220;]<\/p>\n<h4 style=\"text-align: center;\">Ve\u0161ker\u00e9 podrobnosti o postupu, organizaci, ocen\u011bn\u00fdch zna\u010dk\u00e1ch a mnoho dal\u0161\u00edch informac\u00ed naleznete zde:<\/h4>\n<p>[\/vc_column_text][vc_empty_space height=&#8220;20px&#8220; css_params=&#8220;&#8220;][vc_row_inner][vc_column_inner width=&#8220;1\/4&#8243;][\/vc_column_inner][vc_column_inner width=&#8220;1\/4&#8243;]<div class=\"porto-btn-ctn-center \"><a class=\"porto-btn  vc_custom_1747390807218 porto-adjust-bottom-margin porto-btn-large porto-btn-no-hover-bg   wpb_custom_83b409ba84887ed3c0f8d6eb72bb295d  porto-btn-center \"  rel='' href = \"https:\/\/green-brands.cz\/\" target='_blank' data-hover=\"var(--porto-secondary-color)\" data-border-color=\"\" data-bg=\"#95c11f\" data-hover-bg=\"\" data-border-hover=\"\" data-shadow-click=\"none\" data-shadow=\"\" style=\"border:none;background: #95c11f;color: #ffffff;\"><span class=\"porto-btn-hover\"><\/span><span class=\"porto-btn-data porto-btn-text \" >GREEN-BRANDS.cz<\/span><\/a><\/div>[\/vc_column_inner][vc_column_inner width=&#8220;1\/4&#8243;]<div class=\"porto-btn-ctn-center \"><a class=\"porto-btn  vc_custom_1747390842010 porto-adjust-bottom-margin porto-btn-large porto-btn-no-hover-bg   wpb_custom_b2eff572b8140cae3bf0edd6a06638b2  porto-btn-center \"  rel='' href = \"https:\/\/green-brands.cz\/proces\/metodika\/\" target='_blank' data-hover=\"var(--porto-secondary-color)\" data-border-color=\"\" data-bg=\"#95c11f\" data-hover-bg=\"\" data-border-hover=\"\" data-shadow-click=\"none\" data-shadow=\"\" style=\"border:none;background: #95c11f;color: #ffffff;\"><span class=\"porto-btn-hover\"><\/span><span class=\"porto-btn-data porto-btn-text \" >Validace<\/span><\/a><\/div>[\/vc_column_inner][vc_column_inner width=&#8220;1\/4&#8243;][\/vc_column_inner][\/vc_row_inner][\/vc_column][\/vc_row][vc_row][vc_column][vc_empty_space height=&#8220;80px&#8220; css_params=&#8220;&#8220;][\/vc_column][\/vc_row]<\/p>\n<\/div>","protected":false},"excerpt":{"rendered":"<p>[vc_row full_width_css=&#8220;stretch_row_css&#8220; wrap_container=&#8220;yes&#8220; css=&#8220;.vc_custom_1738766762555{padding-top: 60px !important;padding-right: 30px !important;padding-bottom: 30px !important;padding-left: 30px !important;background-color: #264a0c !important;}&#8220; conditional_render=&#8220;%5B%7B%22value_role%22%3A%22administrator%22%7D%5D&#8220; css_params=&#8220;&#8220;][vc_column][vc_column_text css=&#8220;&#8220; css_params=&#8220;&#8220;] V\u00edtejte na platform\u011b transparentnosti organizace GREEN BRANDS! [\/vc_column_text][\/vc_column][\/vc_row][vc_row][vc_column][vc_empty_space height=&#8220;80px&#8220; css_params=&#8220;&#8220;][\/vc_column][\/vc_row][vc_row wrap_container=&#8220;yes&#8220; conditional_render=&#8220;%5B%7B%22value_role%22%3A%22administrator%22%7D%5D&#8220; css_params=&#8220;&#8220;][vc_column width=&#8220;1\/2&#8243;][\/vc_column][vc_column width=&#8220;1\/2&#8243; conditional_render=&#8220;%5B%7B%22value_role%22%3A%22administrator%22%7D%5D&#8220; css_params=&#8220;&#8220;][\/vc_column][\/vc_row][vc_row wrap_container=&#8220;yes&#8220; conditional_render=&#8220;%5B%7B%22value_role%22%3A%22administrator%22%7D%5D&#8220; css_params=&#8220;&#8220;][vc_column width=&#8220;1\/2&#8243;][vc_column_text css=&#8220;.vc_custom_1738765363993{padding-right: 10% !important;}&#8220; css_params=&#8220;&#8220;]Od roku 2011 ud\u011bluje GREEN BRANDS v mezin\u00e1rodn\u00ed spolupr\u00e1ci s nez\u00e1visl\u00fdmi institucemi a [&hellip;]<\/p>\n","protected":false},"author":1,"featured_media":0,"parent":0,"menu_order":0,"comment_status":"closed","ping_status":"closed","template":"","meta":{"footnotes":""},"class_list":["post-2896","page","type-page","status-publish","hentry"],"_links":{"self":[{"href":"https:\/\/www.gb-id.org\/cs\/wp-json\/wp\/v2\/pages\/2896","targetHints":{"allow":["GET"]}}],"collection":[{"href":"https:\/\/www.gb-id.org\/cs\/wp-json\/wp\/v2\/pages"}],"about":[{"href":"https:\/\/www.gb-id.org\/cs\/wp-json\/wp\/v2\/types\/page"}],"author":[{"embeddable":true,"href":"https:\/\/www.gb-id.org\/cs\/wp-json\/wp\/v2\/users\/1"}],"replies":[{"embeddable":true,"href":"https:\/\/www.gb-id.org\/cs\/wp-json\/wp\/v2\/comments?post=2896"}],"version-history":[{"count":3,"href":"https:\/\/www.gb-id.org\/cs\/wp-json\/wp\/v2\/pages\/2896\/revisions"}],"predecessor-version":[{"id":2900,"href":"https:\/\/www.gb-id.org\/cs\/wp-json\/wp\/v2\/pages\/2896\/revisions\/2900"}],"wp:attachment":[{"href":"https:\/\/www.gb-id.org\/cs\/wp-json\/wp\/v2\/media?parent=2896"}],"curies":[{"name":"wp","href":"https:\/\/api.w.org\/{rel}","templated":true}]}}