{"id":2867,"date":"2025-02-05T15:39:26","date_gmt":"2025-02-05T14:39:26","guid":{"rendered":"https:\/\/www.gb-id.org\/imprint\/"},"modified":"2025-05-12T17:49:45","modified_gmt":"2025-05-12T15:49:45","slug":"imprint","status":"publish","type":"page","link":"https:\/\/www.gb-id.org\/en\/imprint\/","title":{"rendered":"Imprint"},"content":{"rendered":"<div class=\"wpb-content-wrapper\"><p>[vc_row full_width_css=&#8221;stretch_row_css&#8221; wrap_container=&#8221;yes&#8221; css=&#8221;.vc_custom_1738766461996{padding-top: 60px !important;padding-right: 30px !important;padding-bottom: 30px !important;padding-left: 30px !important;background-color: #eaeaea !important;}&#8221; conditional_render=&#8221;%5B%7B%22value_role%22%3A%22administrator%22%7D%5D&#8221; css_params=&#8221;&#8221;][vc_column][vc_column_text css=&#8221;&#8221; css_params=&#8221;&#8221;]<\/p>\n<h1>Imprint<\/h1>\n<p>[\/vc_column_text][\/vc_column][\/vc_row][vc_row][vc_column][vc_empty_space height=&#8221;60px&#8221; css_params=&#8221;&#8221;][\/vc_column][\/vc_row][vc_row][vc_column][vc_column_text css=&#8221;&#8221; css_params=&#8221;&#8221;]<strong>Responsible for the content:<\/strong><\/p>\n<p>GREEN BRANDS Organisation GmbH<br \/>Wacholderbergstr. 29<br \/>90587 Veitsbronn<br \/>Germany<\/p>\n<p><strong>Represented by: <\/strong><\/p>\n<p>Manlio Celotti and Norbert Lux<\/p>\n<p><strong>Contact<\/strong><\/p>\n<p>phone: +49 (0)911 97 99 599<br \/>Fax: +49 (0)911 97 99 533<br \/>e-mail: <a href=\"mailto:office@green-brands.org\">office(at)green-brands.org<\/a><\/p>\n<p><strong>Register entry:<\/strong><\/p>\n<p>Entry in the commercial register Register court: F\u00fcrth Local Court Register number: HRB 15512<\/p>\n<p><strong>Value Added Tax<\/strong><\/p>\n<p>Sales tax identification number according to \u00a727a sales tax law: DE 305182339<\/p>\n<p><strong>Dispute Resolution:<\/strong><\/p>\n<p>We are not willing or obliged to participate in dispute resolution proceedings before a Consumer Dispute Resolution Agency.<\/p>\n<p><strong>Liability for contents<\/strong><\/p>\n<p>As a service provider, we are responsible for our own content on these pages according to \u00a7 7 para. 1 TMG (German Telemedia Act) and general laws. However, according to \u00a7\u00a7 8 to 10 TMG, we are not obliged as a service provider to monitor transmitted or stored third-party information or to investigate circumstances that indicate illegal activity.  <\/p>\n<p>Obligations to remove or block the use of information according to general laws remain unaffected. However, liability in this respect is only possible from the time of knowledge of a concrete infringement. If we become aware of any such violations, we shall remove the content in question immediately. TMG f\u00fcr eigene Inhalte auf diesen Seiten nach den allgemeinen Gesetzen verantwortlich. Nach \u00a7\u00a7 8 bis 10 TMG sind wir als Diensteanbieter jedoch nicht verpflichtet, \u00fcbermittelte oder gespeicherte fremde Informationen zu \u00fcberwachen oder nach Umst\u00e4nden zu forschen, die auf eine rechtswidrige T\u00e4tigkeit hinweisen.  <\/p>\n<p><strong>Liability for links<\/strong><\/p>\n<p>Our offer contains links to external websites of third parties, on whose contents we have no influence. Therefore we cannot assume any liability for these external contents. The respective provider or operator of the sites is always responsible for the contents of the linked sites. The linked sites were checked for possible legal violations at the time of linking. Illegal contents were not identified at the time of linking.<\/p>\n<p>However, a permanent control of the contents of the linked pages is not reasonable without concrete evidence of a violation of the law. If we become aware of any infringements, we will remove such links immediately. <\/p>\n<p><strong>Copright<\/strong><\/p>\n<p>The contents and works on these pages created by the site operators are subject to German copyright law.The duplication, editing, distribution and any kind of utilization outside the limits of copyright law require the written consent of the respective author or creator. <\/p>\n<p>Downloads and copies of these pages are only permitted for private, non-commercial use. <\/p>\n<p>Insofar as the content on this site was not created by the operator, the copyrights of third parties are considered. In particular, third-party content is identified as such. Should you nevertheless become aware of a copyright infringement, please inform us accordingly. If we become aware of any infringements, we will remove such contents immediately.[\/vc_column_text][\/vc_column][\/vc_row]<\/p>\n<\/div>","protected":false},"excerpt":{"rendered":"<p>[vc_row full_width_css=&#8221;stretch_row_css&#8221; wrap_container=&#8221;yes&#8221; css=&#8221;.vc_custom_1738766461996{padding-top: 60px !important;padding-right: 30px !important;padding-bottom: 30px !important;padding-left: 30px !important;background-color: #eaeaea !important;}&#8221; conditional_render=&#8221;%5B%7B%22value_role%22%3A%22administrator%22%7D%5D&#8221; css_params=&#8221;&#8221;][vc_column][vc_column_text css=&#8221;&#8221; css_params=&#8221;&#8221;] Imprint [\/vc_column_text][\/vc_column][\/vc_row][vc_row][vc_column][vc_empty_space height=&#8221;60px&#8221; css_params=&#8221;&#8221;][\/vc_column][\/vc_row][vc_row][vc_column][vc_column_text css=&#8221;&#8221; css_params=&#8221;&#8221;]Responsible for the content: GREEN BRANDS Organisation GmbHWacholderbergstr. 2990587 VeitsbronnGermany Represented by: Manlio Celotti and Norbert Lux Contact phone: +49 (0)911 97 99 599Fax: +49 (0)911 97 99 533e-mail: office(at)green-brands.org Register entry: [&hellip;]<\/p>\n","protected":false},"author":1,"featured_media":0,"parent":0,"menu_order":0,"comment_status":"closed","ping_status":"closed","template":"","meta":{"footnotes":""},"class_list":["post-2867","page","type-page","status-publish","hentry"],"_links":{"self":[{"href":"https:\/\/www.gb-id.org\/en\/wp-json\/wp\/v2\/pages\/2867","targetHints":{"allow":["GET"]}}],"collection":[{"href":"https:\/\/www.gb-id.org\/en\/wp-json\/wp\/v2\/pages"}],"about":[{"href":"https:\/\/www.gb-id.org\/en\/wp-json\/wp\/v2\/types\/page"}],"author":[{"embeddable":true,"href":"https:\/\/www.gb-id.org\/en\/wp-json\/wp\/v2\/users\/1"}],"replies":[{"embeddable":true,"href":"https:\/\/www.gb-id.org\/en\/wp-json\/wp\/v2\/comments?post=2867"}],"version-history":[{"count":2,"href":"https:\/\/www.gb-id.org\/en\/wp-json\/wp\/v2\/pages\/2867\/revisions"}],"predecessor-version":[{"id":2869,"href":"https:\/\/www.gb-id.org\/en\/wp-json\/wp\/v2\/pages\/2867\/revisions\/2869"}],"wp:attachment":[{"href":"https:\/\/www.gb-id.org\/en\/wp-json\/wp\/v2\/media?parent=2867"}],"curies":[{"name":"wp","href":"https:\/\/api.w.org\/{rel}","templated":true}]}}