{"id":2883,"date":"2016-06-20T07:48:11","date_gmt":"2016-06-20T05:48:11","guid":{"rendered":"https:\/\/www.gb-id.org\/home\/"},"modified":"2025-06-02T11:04:22","modified_gmt":"2025-06-02T09:04:22","slug":"home","status":"publish","type":"page","link":"https:\/\/www.gb-id.org\/hu\/","title":{"rendered":"Home"},"content":{"rendered":"<div class=\"wpb-content-wrapper\"><p>[vc_row full_width_css=&#8221;stretch_row_css&#8221; wrap_container=&#8221;yes&#8221; css=&#8221;.vc_custom_1738766762555{padding-top: 60px !important;padding-right: 30px !important;padding-bottom: 30px !important;padding-left: 30px !important;background-color: #264a0c !important;}&#8221; conditional_render=&#8221;%5B%7B%22value_role%22%3A%22administrator%22%7D%5D&#8221; css_params=&#8221;&#8221;][vc_column][vc_column_text css=&#8221;&#8221; css_params=&#8221;&#8221;]<\/p>\n<h2 style=\"text-align: left; color: #fff;\">\u00dcdv\u00f6z\u00f6lj\u00fck a GREEN BRANDS szervezet Transzparencia platformj\u00e1n!<\/h2>\n<p>[\/vc_column_text][\/vc_column][\/vc_row][vc_row][vc_column][vc_empty_space height=&#8221;80px&#8221; css_params=&#8221;&#8221;][\/vc_column][\/vc_row][vc_row wrap_container=&#8221;yes&#8221; conditional_render=&#8221;%5B%7B%22value_role%22%3A%22administrator%22%7D%5D&#8221; css_params=&#8221;&#8221;][vc_column width=&#8221;1\/2&#8243;][\/vc_column][vc_column width=&#8221;1\/2&#8243; conditional_render=&#8221;%5B%7B%22value_role%22%3A%22administrator%22%7D%5D&#8221; css_params=&#8221;&#8221;][\/vc_column][\/vc_row][vc_row wrap_container=&#8221;yes&#8221; conditional_render=&#8221;%5B%7B%22value_role%22%3A%22administrator%22%7D%5D&#8221; css_params=&#8221;&#8221;][vc_column width=&#8221;1\/2&#8243;][vc_column_text css=&#8221;.vc_custom_1748855057682{padding-right: 10% !important;}&#8221; css_params=&#8221;&#8221;]A GREEN BRANDS egy f\u00fcggetlen, nemzetk\u00f6zi min\u0151s\u00edt\u0151 szervezet, mely 2011 \u00f3ta egy\u00fcttm\u0171k\u00f6d\u00e9sben a k\u00f6rnyezet- \u00e9s kl\u00edmav\u00e9delem, a fenntarthat\u00f3s\u00e1g \u00e9s a piackutat\u00e1s ter\u00fclet\u00e9n tev\u00e9kenyked\u0151, szint\u00e9n f\u00fcggetlen \u00e9s elismert nemzetk\u00f6zi int\u00e9zm\u00e9nyekkel \u00f6kol\u00f3giailag fenntarthat\u00f3 m\u00e1rk\u00e1kat min\u0151s\u00edt, akik ez\u00e1ltal lehet\u0151s\u00e9get kapnak a GREEN BRANDS-v\u00e9djegy megszerz\u00e9s\u00e9re.<\/p>\n<p>A GREEN BRANDS \u00f6kol\u00f3giai fenntarthat\u00f3s\u00e1got tan\u00fas\u00edt\u00f3 v\u00e9djegy, mely egy szigor\u00fa, 3 l\u00e9pcs\u0151s folyamat eredm\u00e9nyek\u00e9pp nyerhet\u0151 el, ahol a min\u0151s\u00edt\u00e9st f\u00fcggetlen, k\u00fcls\u0151 tan\u00e1csad\u00f3 \u00e9s auditor c\u00e9g v\u00e9gzi. A GREEN BRANDS v\u00e9djegy \u00e9s m\u00f3dszertan az EU \u00e1ltal bejegyzett \u00e9s elismert.<\/p>\n<p>A GREEN BRAND min\u0151s\u00edt\u00e9st \u00e9s v\u00e9djegyet olyan m\u00e1rk\u00e1k (c\u00e9gek, term\u00e9kek, szolg\u00e1ltat\u00f3k, \u00e9lelmiszerek, egyes\u00fcletek szem\u00e9lyis\u00e9gek) kapj\u00e1k meg, amelyek bizony\u00edthat\u00f3an k\u00fcl\u00f6n\u00f6s gondot ford\u00edtanak a k\u00f6rnyezet, az \u00e9ghajlat, a term\u00e9szet, a biol\u00f3giai sokf\u00e9les\u00e9g \u00e9s a term\u00e9szeti er\u0151forr\u00e1sok v\u00e9delm\u00e9re, \u00e9s felel\u0151sen b\u00e1nnak vel\u00fck, azaz kiemelten fontos strat\u00e9gi\u00e1jukban a fenntarthat\u00f3s\u00e1g.[\/vc_column_text][\/vc_column][vc_column width=&#8221;1\/2&#8243; conditional_render=&#8221;%5B%7B%22value_role%22%3A%22administrator%22%7D%5D&#8221; css_params=&#8221;&#8221; css=&#8221;.vc_custom_1738764399860{border-top-width: 1px !important;border-right-width: 1px !important;border-bottom-width: 1px !important;border-left-width: 1px !important;padding-top: 30px !important;padding-right: 30px !important;padding-bottom: 30px !important;padding-left: 30px !important;background-color: #eaeaea !important;border-left-style: solid !important;border-right-style: solid !important;border-top-style: solid !important;border-bottom-style: solid !important;border-radius: 20px !important;border-color: #eaeaea !important;}&#8221;][vc_empty_space height=&#8221;15px&#8221; css_params=&#8221;&#8221;][vc_column_text css=&#8221;.vc_custom_1738770502844{padding-left: 20px !important;}&#8221; css_params=&#8221;&#8221;]<\/p>\n<h4>R\u00e1keres\u00e9s az \u00e9rt\u00e9kel\u00e9s eredm\u00e9ny\u00e9re<\/h4>\n<p>Ez a platform a GREEN BRANDS folyamat \u00e1tl\u00e1that\u00f3s\u00e1g\u00e1t szolg\u00e1lja.<br \/>\nAz azonos\u00edt\u00f3sz\u00e1m be\u00edr\u00e1s\u00e1val a keres\u0151mez\u0151be (k\u00e9rj\u00fck, sz\u00f3k\u00f6z\u00f6k n\u00e9lk\u00fcl \u00edrja be!) megkapja a megfelel\u0151 v\u00e9djegy r\u00e9szletes \u00e9rt\u00e9kel\u00e9si eredm\u00e9ny\u00e9t.[\/vc_column_text][vc_empty_space height=&#8221;15px&#8221; css_params=&#8221;&#8221;][vc_column_text css=&#8221;.vc_custom_1738766941673{border-top-width: 1px !important;border-right-width: 1px !important;border-bottom-width: 1px !important;border-left-width: 1px !important;padding-top: 30px !important;padding-right: 30px !important;padding-bottom: 30px !important;padding-left: 30px !important;background-color: var(&#8211;porto-secondary-color) !important;border-left-style: solid !important;border-right-style: solid !important;border-top-style: solid !important;border-bottom-style: solid !important;border-radius: 20px !important;border-color: var(&#8211;porto-secondary-color) !important;}&#8221; css_params=&#8221;&#8221;]\t\t<style>\n\t\t\t\n\t\t\t\t\t\t\t#searchwp-form-1 .swp-input,\n                #searchwp-form-1 .swp-select {\n                    border: 1px solid #ffffff;\n                    border-radius: 5px;\n                }\n\t\t\t\t#searchwp-form-1 .searchwp-form-input-container .swp-select {\n                    border-top-right-radius: 0;\n                    border-bottom-right-radius: 0;\n                    border-right: 0;\n                }\n\t\t\t\t#searchwp-form-1 .searchwp-form-input-container .swp-select + .swp-input {\n                    border-top-left-radius: 0;\n                    border-bottom-left-radius: 0;\n                }\n\t\t\t\t#searchwp-form-1 input[type=submit] {\n                    border-radius: 5px;\n                }\n\t\t\t\n\t\t\t\n\t\t\t                #searchwp-form-1 .swp-toggle-checkbox:checked + .swp-toggle-switch,\n                #searchwp-form-1 .swp-toggle-switch--checked  {\n                    background: #ffffff;\n                }\n\t\t\t\n\t\t\t\n\t\t\t\n\t\t\t\t\t\t\t#searchwp-form-1 input[type=submit] {\n                    background-color: transparent;\n                    border: 1px solid#ffffff;\n                }\n\t\t\t\n\t\t\t\t\t\t\t#searchwp-form-1 input[type=submit] {\n                    color: #ffffff;\n                }\n\t\t\t\n\t\t\t\t\t<\/style>\n\t\t\t\t<form id=\"searchwp-form-1\"\n\t\t\trole=\"search\"\n\t\t\tmethod=\"get\"\n\t\t\tclass=\"searchwp-form\"\n\t\t\taction=\"https:\/\/www.gb-id.org\/hu\/\"\n\t\t\taria-label=\"Search\">\n\t\t\t<input type=\"hidden\" name=\"swp_form[form_id]\" value=\"1\">\n\t\t\t<div class=\"swp-flex--col swp-flex--wrap swp-flex--gap-md\">\n\t\t\t\t<div class=\"swp-flex--row swp-items-stretch swp-flex--gap-md\">\n\t\t\t\t\t<div class=\"searchwp-form-input-container swp-items-stretch\">\n\t\t\t\t\t\t\n\t\t\t\t\t\t\t\t\t\t\t\t\t\t\t\t\t\t<input type=\"search\"\n\t\t\t\t\t\t\tclass=\"swp-input--search swp-input\"\n\t\t\t\t\t\t\tplaceholder=\"Enter ID without space\"\n\t\t\t\t\t\t\tvalue=\"\"\n\t\t\t\t\t\t\tname=\"s\"\n\t\t\t\t\t\t\ttitle=\"Enter ID without space\"\n\t\t\t\t\t\t   \taria-label=\"Search\"\n\t\t\t\t\t\t\taria-required=\"false\"\n\t\t\t\t\t\t\t                        \/>\n\t\t\t\t\t<\/div>\n\n\t\t\t\t\t\n\t\t\t\t<\/div>\n\n\t\t\t\t\n\t\t\t\t\t\t\t<\/div>\n\t\t\t\t\t<\/form>\n\t\t[\/vc_column_text][\/vc_column][\/vc_row][vc_row][vc_column][vc_empty_space height=&#8221;80px&#8221; css_params=&#8221;&#8221;][\/vc_column][\/vc_row][vc_row full_width_css=&#8221;stretch_row_css&#8221; wrap_container=&#8221;yes&#8221; conditional_render=&#8221;%5B%7B%22value_role%22%3A%22administrator%22%7D%5D&#8221; css_params=&#8221;&#8221; css=&#8221;.vc_custom_1738765145322{padding-top: 60px !important;padding-right: 30px !important;padding-bottom: 30px !important;padding-left: 30px !important;background-color: #eaeaea !important;}&#8221;][vc_column][vc_column_text css=&#8221;&#8221;]<\/p>\n<h4 style=\"text-align: center;\">Az elj\u00e1r\u00e1ssal, a szervez\u00e9ssel, a d\u00edjazott v\u00e9djegyekkel \u00e9s egy\u00e9b m\u00e1ssal kapcsolatos minden r\u00e9szlet itt tal\u00e1lhat\u00f3:<\/h4>\n<p>[\/vc_column_text][vc_empty_space height=&#8221;20px&#8221; css_params=&#8221;&#8221;][vc_row_inner][vc_column_inner width=&#8221;1\/4&#8243;][\/vc_column_inner][vc_column_inner width=&#8221;1\/4&#8243;]<div class=\"porto-btn-ctn-center \"><a class=\"porto-btn  vc_custom_1747389744068 porto-adjust-bottom-margin porto-btn-large porto-btn-no-hover-bg   wpb_custom_83b409ba84887ed3c0f8d6eb72bb295d  porto-btn-center \"  rel='' href = \"https:\/\/green-brands.hu\" target='_blank' data-hover=\"var(--porto-secondary-color)\" data-border-color=\"\" data-bg=\"#95c11f\" data-hover-bg=\"\" data-border-hover=\"\" data-shadow-click=\"none\" data-shadow=\"\" style=\"border:none;background: #95c11f;color: #ffffff;\"><span class=\"porto-btn-hover\"><\/span><span class=\"porto-btn-data porto-btn-text \" >GREEN-BRANDS.org<\/span><\/a><\/div>[\/vc_column_inner][vc_column_inner width=&#8221;1\/4&#8243;]<div class=\"porto-btn-ctn-center \"><a class=\"porto-btn  vc_custom_1747389823466 porto-adjust-bottom-margin porto-btn-large porto-btn-no-hover-bg   wpb_custom_b2eff572b8140cae3bf0edd6a06638b2  porto-btn-center \"  rel='' href = \"https:\/\/green-brands.hu\/minositesi-folyamat\/modszer\/\" target='_blank' data-hover=\"var(--porto-secondary-color)\" data-border-color=\"\" data-bg=\"#95c11f\" data-hover-bg=\"\" data-border-hover=\"\" data-shadow-click=\"none\" data-shadow=\"\" style=\"border:none;background: #95c11f;color: #ffffff;\"><span class=\"porto-btn-hover\"><\/span><span class=\"porto-btn-data porto-btn-text \" >\u00c9rt\u00e9kel\u00e9s<\/span><\/a><\/div>[\/vc_column_inner][vc_column_inner width=&#8221;1\/4&#8243;][\/vc_column_inner][\/vc_row_inner][\/vc_column][\/vc_row][vc_row][vc_column][vc_empty_space height=&#8221;80px&#8221; css_params=&#8221;&#8221;][\/vc_column][\/vc_row]<\/p>\n<\/div>","protected":false},"excerpt":{"rendered":"<p>[vc_row full_width_css=&#8221;stretch_row_css&#8221; wrap_container=&#8221;yes&#8221; css=&#8221;.vc_custom_1738766762555{padding-top: 60px !important;padding-right: 30px !important;padding-bottom: 30px !important;padding-left: 30px !important;background-color: #264a0c !important;}&#8221; conditional_render=&#8221;%5B%7B%22value_role%22%3A%22administrator%22%7D%5D&#8221; css_params=&#8221;&#8221;][vc_column][vc_column_text css=&#8221;&#8221; css_params=&#8221;&#8221;] \u00dcdv\u00f6z\u00f6lj\u00fck a GREEN BRANDS szervezet Transzparencia platformj\u00e1n! [\/vc_column_text][\/vc_column][\/vc_row][vc_row][vc_column][vc_empty_space height=&#8221;80px&#8221; css_params=&#8221;&#8221;][\/vc_column][\/vc_row][vc_row wrap_container=&#8221;yes&#8221; conditional_render=&#8221;%5B%7B%22value_role%22%3A%22administrator%22%7D%5D&#8221; css_params=&#8221;&#8221;][vc_column width=&#8221;1\/2&#8243;][\/vc_column][vc_column width=&#8221;1\/2&#8243; conditional_render=&#8221;%5B%7B%22value_role%22%3A%22administrator%22%7D%5D&#8221; css_params=&#8221;&#8221;][\/vc_column][\/vc_row][vc_row wrap_container=&#8221;yes&#8221; conditional_render=&#8221;%5B%7B%22value_role%22%3A%22administrator%22%7D%5D&#8221; css_params=&#8221;&#8221;][vc_column width=&#8221;1\/2&#8243;][vc_column_text css=&#8221;.vc_custom_1748855057682{padding-right: 10% !important;}&#8221; css_params=&#8221;&#8221;]A GREEN BRANDS egy f\u00fcggetlen, nemzetk\u00f6zi min\u0151s\u00edt\u0151 szervezet, mely 2011 \u00f3ta egy\u00fcttm\u0171k\u00f6d\u00e9sben a [&hellip;]<\/p>\n","protected":false},"author":1,"featured_media":0,"parent":0,"menu_order":0,"comment_status":"closed","ping_status":"closed","template":"","meta":{"footnotes":""},"class_list":["post-2883","page","type-page","status-publish","hentry"],"_links":{"self":[{"href":"https:\/\/www.gb-id.org\/hu\/wp-json\/wp\/v2\/pages\/2883","targetHints":{"allow":["GET"]}}],"collection":[{"href":"https:\/\/www.gb-id.org\/hu\/wp-json\/wp\/v2\/pages"}],"about":[{"href":"https:\/\/www.gb-id.org\/hu\/wp-json\/wp\/v2\/types\/page"}],"author":[{"embeddable":true,"href":"https:\/\/www.gb-id.org\/hu\/wp-json\/wp\/v2\/users\/1"}],"replies":[{"embeddable":true,"href":"https:\/\/www.gb-id.org\/hu\/wp-json\/wp\/v2\/comments?post=2883"}],"version-history":[{"count":5,"href":"https:\/\/www.gb-id.org\/hu\/wp-json\/wp\/v2\/pages\/2883\/revisions"}],"predecessor-version":[{"id":3113,"href":"https:\/\/www.gb-id.org\/hu\/wp-json\/wp\/v2\/pages\/2883\/revisions\/3113"}],"wp:attachment":[{"href":"https:\/\/www.gb-id.org\/hu\/wp-json\/wp\/v2\/media?parent=2883"}],"curies":[{"name":"wp","href":"https:\/\/api.w.org\/{rel}","templated":true}]}}