{"id":2901,"date":"2025-02-05T15:39:26","date_gmt":"2025-02-05T14:39:26","guid":{"rendered":"https:\/\/www.gb-id.org\/impressum\/"},"modified":"2025-05-16T12:28:55","modified_gmt":"2025-05-16T10:28:55","slug":"impresszum","status":"publish","type":"page","link":"https:\/\/www.gb-id.org\/hu\/impresszum\/","title":{"rendered":"Impresszum"},"content":{"rendered":"<div class=\"wpb-content-wrapper\"><p>[vc_row full_width_css=&#8221;stretch_row_css&#8221; wrap_container=&#8221;yes&#8221; css=&#8221;.vc_custom_1738766461996{padding-top: 60px !important;padding-right: 30px !important;padding-bottom: 30px !important;padding-left: 30px !important;background-color: #eaeaea !important;}&#8221; conditional_render=&#8221;%5B%7B%22value_role%22%3A%22administrator%22%7D%5D&#8221; css_params=&#8221;&#8221;][vc_column][vc_column_text css=&#8221;&#8221; css_params=&#8221;&#8221;]&nbsp;<\/p>\n<h1 class=\"entry-title\">Impresszum<\/h1>\n<p>&nbsp;[\/vc_column_text][\/vc_column][\/vc_row][vc_row][vc_column][vc_empty_space height=&#8221;60px&#8221; css_params=&#8221;&#8221;][\/vc_column][\/vc_row][vc_row][vc_column][vc_column_text css=&#8221;&#8221; css_params=&#8221;&#8221;]<strong>C\u00e9gn\u00e9v:<\/strong><\/p>\n<p>GB Sustainability Audit Kft.<\/p>\n<p><strong>C\u00edm:<\/strong><\/p>\n<p>T\u00f6r\u00f6kv\u00e9sz \u00fat 3\/A<br \/>\n1025 Budapest<\/p>\n<p><strong>El\u00e9rhet\u0151s\u00e9gek:<\/strong><\/p>\n<p>Telefon: +36 30 651 3929<br \/>\nE-Mail:&nbsp;&nbsp;<a href=\"mailto:hungary@green-brands.org\">hungary(at)green-brands.org<\/a><\/p>\n<p><strong>C\u00e9gjegyz\u00e9ksz\u00e1m:<\/strong><\/p>\n<p>01 09 328124<\/p>\n<p><strong>Ad\u00f3sz\u00e1m:<\/strong><\/p>\n<p>26396273-2-41<\/p>\n<p><strong>A c\u00e9get bejegyz\u0151 hat\u00f3s\u00e1g:<\/strong><\/p>\n<p>F\u0151v\u00e1rosi C\u00e9gb\u00edr\u00f3s\u00e1g[\/vc_column_text][\/vc_column][\/vc_row]<\/p>\n<\/div>","protected":false},"excerpt":{"rendered":"<p>[vc_row full_width_css=&#8221;stretch_row_css&#8221; wrap_container=&#8221;yes&#8221; css=&#8221;.vc_custom_1738766461996{padding-top: 60px !important;padding-right: 30px !important;padding-bottom: 30px !important;padding-left: 30px !important;background-color: #eaeaea !important;}&#8221; conditional_render=&#8221;%5B%7B%22value_role%22%3A%22administrator%22%7D%5D&#8221; css_params=&#8221;&#8221;][vc_column][vc_column_text css=&#8221;&#8221; css_params=&#8221;&#8221;]&nbsp; Impresszum &nbsp;[\/vc_column_text][\/vc_column][\/vc_row][vc_row][vc_column][vc_empty_space height=&#8221;60px&#8221; css_params=&#8221;&#8221;][\/vc_column][\/vc_row][vc_row][vc_column][vc_column_text css=&#8221;&#8221; css_params=&#8221;&#8221;]C\u00e9gn\u00e9v: GB Sustainability Audit Kft. C\u00edm: T\u00f6r\u00f6kv\u00e9sz \u00fat 3\/A 1025 Budapest El\u00e9rhet\u0151s\u00e9gek: Telefon: +36 30 651 3929 E-Mail:&nbsp;&nbsp;hungary(at)green-brands.org C\u00e9gjegyz\u00e9ksz\u00e1m: 01 09 328124 Ad\u00f3sz\u00e1m: 26396273-2-41 A c\u00e9get bejegyz\u0151 hat\u00f3s\u00e1g: F\u0151v\u00e1rosi C\u00e9gb\u00edr\u00f3s\u00e1g[\/vc_column_text][\/vc_column][\/vc_row]<\/p>\n","protected":false},"author":1,"featured_media":0,"parent":0,"menu_order":0,"comment_status":"closed","ping_status":"closed","template":"","meta":{"footnotes":""},"class_list":["post-2901","page","type-page","status-publish","hentry"],"_links":{"self":[{"href":"https:\/\/www.gb-id.org\/hu\/wp-json\/wp\/v2\/pages\/2901","targetHints":{"allow":["GET"]}}],"collection":[{"href":"https:\/\/www.gb-id.org\/hu\/wp-json\/wp\/v2\/pages"}],"about":[{"href":"https:\/\/www.gb-id.org\/hu\/wp-json\/wp\/v2\/types\/page"}],"author":[{"embeddable":true,"href":"https:\/\/www.gb-id.org\/hu\/wp-json\/wp\/v2\/users\/1"}],"replies":[{"embeddable":true,"href":"https:\/\/www.gb-id.org\/hu\/wp-json\/wp\/v2\/comments?post=2901"}],"version-history":[{"count":4,"href":"https:\/\/www.gb-id.org\/hu\/wp-json\/wp\/v2\/pages\/2901\/revisions"}],"predecessor-version":[{"id":2910,"href":"https:\/\/www.gb-id.org\/hu\/wp-json\/wp\/v2\/pages\/2901\/revisions\/2910"}],"wp:attachment":[{"href":"https:\/\/www.gb-id.org\/hu\/wp-json\/wp\/v2\/media?parent=2901"}],"curies":[{"name":"wp","href":"https:\/\/api.w.org\/{rel}","templated":true}]}}