{"id":2890,"date":"2016-06-20T07:48:11","date_gmt":"2016-06-20T05:48:11","guid":{"rendered":"https:\/\/www.gb-id.org\/home\/"},"modified":"2025-05-16T12:19:33","modified_gmt":"2025-05-16T10:19:33","slug":"home","status":"publish","type":"page","link":"https:\/\/www.gb-id.org\/sk\/","title":{"rendered":"Home"},"content":{"rendered":"<div class=\"wpb-content-wrapper\"><p>[vc_row full_width_css=&#8220;stretch_row_css&#8220; wrap_container=&#8220;yes&#8220; css=&#8220;.vc_custom_1738766762555{padding-top: 60px !important;padding-right: 30px !important;padding-bottom: 30px !important;padding-left: 30px !important;background-color: #264a0c !important;}&#8220; conditional_render=&#8220;%5B%7B%22value_role%22%3A%22administrator%22%7D%5D&#8220; css_params=&#8220;&#8220;][vc_column][vc_column_text css=&#8220;&#8220; css_params=&#8220;&#8220;]<\/p>\n<h2 style=\"text-align: left; color: #fff;\">Vitajte na platforme transparentnosti organiz\u00e1cie GREEN BRANDS!<\/h2>\n<p>[\/vc_column_text][\/vc_column][\/vc_row][vc_row][vc_column][vc_empty_space height=&#8220;80px&#8220; css_params=&#8220;&#8220;][\/vc_column][\/vc_row][vc_row wrap_container=&#8220;yes&#8220; conditional_render=&#8220;%5B%7B%22value_role%22%3A%22administrator%22%7D%5D&#8220; css_params=&#8220;&#8220;][vc_column width=&#8220;1\/2&#8243;][\/vc_column][vc_column width=&#8220;1\/2&#8243; conditional_render=&#8220;%5B%7B%22value_role%22%3A%22administrator%22%7D%5D&#8220; css_params=&#8220;&#8220;][\/vc_column][\/vc_row][vc_row wrap_container=&#8220;yes&#8220; conditional_render=&#8220;%5B%7B%22value_role%22%3A%22administrator%22%7D%5D&#8220; css_params=&#8220;&#8220;][vc_column width=&#8220;1\/2&#8243;][vc_column_text css=&#8220;.vc_custom_1738765363993{padding-right: 10% !important;}&#8220; css_params=&#8220;&#8220;]Organiz\u00e1cia GREEN BRANDS ude\u013euje od roku 2011 v medzin\u00e1rodnej spolupr\u00e1ci s nez\u00e1visl\u00fdmi in\u0161tit\u00faciami a spolo\u010dnos\u0165ami v oblasti ochrany \u017eivotn\u00e9ho prostredia a udr\u017eate\u013enosti \u00a0<strong>pe\u010da\u0165 kvality GREEN BRAND<\/strong>\u00a0zna\u010dk\u00e1m s ekologick\u00fdm, zm\u00fd\u0161\u013ean\u00edm a v\u00fdnimo\u010dn\u00fdmi v\u00fdsledkami v oblasti udr\u017eate\u013enosti.<\/p>\n<p>Pe\u010da\u0165 kvality GREEN BRANDS je\u00a0 registrovan\u00e1 ako certifika\u010dn\u00e1 ochrann\u00e1 zn\u00e1mka E\u00da pre ekologick\u00fa udr\u017eate\u013enos\u0165 s nez\u00e1visl\u00fdm, transparentn\u00fdm a neutr\u00e1lnym hodnotiacim\u00a0 procesom.<\/p>\n<p>Pe\u010da\u0165ou kvality GREEN BRAND s\u00fa oce\u0148ovan\u00e9 zna\u010dky (firmy\/v\u00fdrobky\/poskytovatelia slu\u017eieb\/potraviny), ktor\u00e9 preuk\u00e1zate\u013ene konaj\u00fa pod\u013ea z\u00e1sad udr\u017eate\u013en\u00e9ho rozvoja a prispievaj\u00fa tak v\u00fdznamnou mierou k ochrane \u017eivotn\u00e9ho prostredia, kl\u00edmy, pr\u00edrody, biodiverzity a zdrojov a zodpovedne s nimi zaobch\u00e1dzaj\u00fa.[\/vc_column_text][\/vc_column][vc_column width=&#8220;1\/2&#8243; conditional_render=&#8220;%5B%7B%22value_role%22%3A%22administrator%22%7D%5D&#8220; css_params=&#8220;&#8220; css=&#8220;.vc_custom_1738764399860{border-top-width: 1px !important;border-right-width: 1px !important;border-bottom-width: 1px !important;border-left-width: 1px !important;padding-top: 30px !important;padding-right: 30px !important;padding-bottom: 30px !important;padding-left: 30px !important;background-color: #eaeaea !important;border-left-style: solid !important;border-right-style: solid !important;border-top-style: solid !important;border-bottom-style: solid !important;border-radius: 20px !important;border-color: #eaeaea !important;}&#8220;][vc_empty_space height=&#8220;15px&#8220; css_params=&#8220;&#8220;][vc_column_text css=&#8220;.vc_custom_1738770502844{padding-left: 20px !important;}&#8220; css_params=&#8220;&#8220;]<\/p>\n<h4>Vyh\u013ead\u00e1vanie v\u00fdsledkov hodnotenia<\/h4>\n<p>T\u00e1to platforma sl\u00fa\u017ei na preuk\u00e1zanie transparentnosti n\u00e1\u0161ho hodnotiaceho procesu.<br \/>\nZadan\u00edm identifika\u010dn\u00e9ho \u010d\u00edsla do vyh\u013ead\u00e1vacieho po\u013ea (zadajte ho bez medzier) z\u00edskate podrobn\u00fd v\u00fdsledok hodnotenia pre dan\u00fa zna\u010dku.<br \/>\n[\/vc_column_text][vc_empty_space height=&#8220;15px&#8220; css_params=&#8220;&#8220;][vc_column_text css=&#8220;.vc_custom_1738766941673{border-top-width: 1px !important;border-right-width: 1px !important;border-bottom-width: 1px !important;border-left-width: 1px !important;padding-top: 30px !important;padding-right: 30px !important;padding-bottom: 30px !important;padding-left: 30px !important;background-color: var(&#8211;porto-secondary-color) !important;border-left-style: solid !important;border-right-style: solid !important;border-top-style: solid !important;border-bottom-style: solid !important;border-radius: 20px !important;border-color: var(&#8211;porto-secondary-color) !important;}&#8220; css_params=&#8220;&#8220;]\t\t<style>\n\t\t\t\n\t\t\t\t\t\t\t#searchwp-form-1 .swp-input,\n                #searchwp-form-1 .swp-select {\n                    border: 1px solid #ffffff;\n                    border-radius: 5px;\n                }\n\t\t\t\t#searchwp-form-1 .searchwp-form-input-container .swp-select {\n                    border-top-right-radius: 0;\n                    border-bottom-right-radius: 0;\n                    border-right: 0;\n                }\n\t\t\t\t#searchwp-form-1 .searchwp-form-input-container .swp-select + .swp-input {\n                    border-top-left-radius: 0;\n                    border-bottom-left-radius: 0;\n                }\n\t\t\t\t#searchwp-form-1 input[type=submit] {\n                    border-radius: 5px;\n                }\n\t\t\t\n\t\t\t\n\t\t\t                #searchwp-form-1 .swp-toggle-checkbox:checked + .swp-toggle-switch,\n                #searchwp-form-1 .swp-toggle-switch--checked  {\n                    background: #ffffff;\n                }\n\t\t\t\n\t\t\t\n\t\t\t\n\t\t\t\t\t\t\t#searchwp-form-1 input[type=submit] {\n                    background-color: transparent;\n                    border: 1px solid#ffffff;\n                }\n\t\t\t\n\t\t\t\t\t\t\t#searchwp-form-1 input[type=submit] {\n                    color: #ffffff;\n                }\n\t\t\t\n\t\t\t\t\t<\/style>\n\t\t\t\t<form id=\"searchwp-form-1\"\n\t\t\trole=\"search\"\n\t\t\tmethod=\"get\"\n\t\t\tclass=\"searchwp-form\"\n\t\t\taction=\"https:\/\/www.gb-id.org\/sk\/\"\n\t\t\taria-label=\"Search\">\n\t\t\t<input type=\"hidden\" name=\"swp_form[form_id]\" value=\"1\">\n\t\t\t<div class=\"swp-flex--col swp-flex--wrap swp-flex--gap-md\">\n\t\t\t\t<div class=\"swp-flex--row swp-items-stretch swp-flex--gap-md\">\n\t\t\t\t\t<div class=\"searchwp-form-input-container swp-items-stretch\">\n\t\t\t\t\t\t\n\t\t\t\t\t\t\t\t\t\t\t\t\t\t\t\t\t\t<input type=\"search\"\n\t\t\t\t\t\t\tclass=\"swp-input--search swp-input\"\n\t\t\t\t\t\t\tplaceholder=\"Enter ID without space\"\n\t\t\t\t\t\t\tvalue=\"\"\n\t\t\t\t\t\t\tname=\"s\"\n\t\t\t\t\t\t\ttitle=\"Enter ID without space\"\n\t\t\t\t\t\t   \taria-label=\"Search\"\n\t\t\t\t\t\t\taria-required=\"false\"\n\t\t\t\t\t\t\t                        \/>\n\t\t\t\t\t<\/div>\n\n\t\t\t\t\t\n\t\t\t\t<\/div>\n\n\t\t\t\t\n\t\t\t\t\t\t\t<\/div>\n\t\t\t\t\t<\/form>\n\t\t[\/vc_column_text][\/vc_column][\/vc_row][vc_row][vc_column][vc_empty_space height=&#8220;80px&#8220; css_params=&#8220;&#8220;][\/vc_column][\/vc_row][vc_row full_width_css=&#8220;stretch_row_css&#8220; wrap_container=&#8220;yes&#8220; conditional_render=&#8220;%5B%7B%22value_role%22%3A%22administrator%22%7D%5D&#8220; css_params=&#8220;&#8220; css=&#8220;.vc_custom_1738765145322{padding-top: 60px !important;padding-right: 30px !important;padding-bottom: 30px !important;padding-left: 30px !important;background-color: #eaeaea !important;}&#8220;][vc_column][vc_column_text css=&#8220;&#8220;]<\/p>\n<h4 style=\"text-align: center;\">V\u0161etky podrobnosti o procese, organiz\u00e1cii, ocenen\u00fdch zna\u010dk\u00e1ch a mnoho \u010fal\u0161\u00edch inform\u00e1ci\u00ed n\u00e1jdete tu:<\/h4>\n<p>[\/vc_column_text][vc_empty_space height=&#8220;20px&#8220; css_params=&#8220;&#8220;][vc_row_inner][vc_column_inner width=&#8220;1\/4&#8243;][\/vc_column_inner][vc_column_inner width=&#8220;1\/4&#8243;]<div class=\"porto-btn-ctn-center \"><a class=\"porto-btn  vc_custom_1747390770801 porto-adjust-bottom-margin porto-btn-large porto-btn-no-hover-bg   wpb_custom_83b409ba84887ed3c0f8d6eb72bb295d  porto-btn-center \"  rel='' href = \"https:\/\/green-brands.sk\" target='_blank' data-hover=\"var(--porto-secondary-color)\" data-border-color=\"\" data-bg=\"#95c11f\" data-hover-bg=\"\" data-border-hover=\"\" data-shadow-click=\"none\" data-shadow=\"\" style=\"border:none;background: #95c11f;color: #ffffff;\"><span class=\"porto-btn-hover\"><\/span><span class=\"porto-btn-data porto-btn-text \" >GREEN-BRANDS.sk<\/span><\/a><\/div>[\/vc_column_inner][vc_column_inner width=&#8220;1\/4&#8243;]<div class=\"porto-btn-ctn-center \"><a class=\"porto-btn  vc_custom_1747390431560 porto-adjust-bottom-margin porto-btn-large porto-btn-no-hover-bg   wpb_custom_b2eff572b8140cae3bf0edd6a06638b2  porto-btn-center \"  rel='' href = \"https:\/\/green-brands.sk\/proces\/metodika\/\" target='_blank' data-hover=\"var(--porto-secondary-color)\" data-border-color=\"\" data-bg=\"#95c11f\" data-hover-bg=\"\" data-border-hover=\"\" data-shadow-click=\"none\" data-shadow=\"\" style=\"border:none;background: #95c11f;color: #ffffff;\"><span class=\"porto-btn-hover\"><\/span><span class=\"porto-btn-data porto-btn-text \" >Valid\u00e1cia<\/span><\/a><\/div>[\/vc_column_inner][vc_column_inner width=&#8220;1\/4&#8243;][\/vc_column_inner][\/vc_row_inner][\/vc_column][\/vc_row][vc_row][vc_column][vc_empty_space height=&#8220;80px&#8220; css_params=&#8220;&#8220;][\/vc_column][\/vc_row]<\/p>\n<\/div>","protected":false},"excerpt":{"rendered":"<p>[vc_row full_width_css=&#8220;stretch_row_css&#8220; wrap_container=&#8220;yes&#8220; css=&#8220;.vc_custom_1738766762555{padding-top: 60px !important;padding-right: 30px !important;padding-bottom: 30px !important;padding-left: 30px !important;background-color: #264a0c !important;}&#8220; conditional_render=&#8220;%5B%7B%22value_role%22%3A%22administrator%22%7D%5D&#8220; css_params=&#8220;&#8220;][vc_column][vc_column_text css=&#8220;&#8220; css_params=&#8220;&#8220;] Vitajte na platforme transparentnosti organiz\u00e1cie GREEN BRANDS! [\/vc_column_text][\/vc_column][\/vc_row][vc_row][vc_column][vc_empty_space height=&#8220;80px&#8220; css_params=&#8220;&#8220;][\/vc_column][\/vc_row][vc_row wrap_container=&#8220;yes&#8220; conditional_render=&#8220;%5B%7B%22value_role%22%3A%22administrator%22%7D%5D&#8220; css_params=&#8220;&#8220;][vc_column width=&#8220;1\/2&#8243;][\/vc_column][vc_column width=&#8220;1\/2&#8243; conditional_render=&#8220;%5B%7B%22value_role%22%3A%22administrator%22%7D%5D&#8220; css_params=&#8220;&#8220;][\/vc_column][\/vc_row][vc_row wrap_container=&#8220;yes&#8220; conditional_render=&#8220;%5B%7B%22value_role%22%3A%22administrator%22%7D%5D&#8220; css_params=&#8220;&#8220;][vc_column width=&#8220;1\/2&#8243;][vc_column_text css=&#8220;.vc_custom_1738765363993{padding-right: 10% !important;}&#8220; css_params=&#8220;&#8220;]Organiz\u00e1cia GREEN BRANDS ude\u013euje od roku 2011 v medzin\u00e1rodnej spolupr\u00e1ci s nez\u00e1visl\u00fdmi in\u0161tit\u00faciami [&hellip;]<\/p>\n","protected":false},"author":1,"featured_media":0,"parent":0,"menu_order":0,"comment_status":"closed","ping_status":"closed","template":"","meta":{"footnotes":""},"class_list":["post-2890","page","type-page","status-publish","hentry"],"_links":{"self":[{"href":"https:\/\/www.gb-id.org\/sk\/wp-json\/wp\/v2\/pages\/2890","targetHints":{"allow":["GET"]}}],"collection":[{"href":"https:\/\/www.gb-id.org\/sk\/wp-json\/wp\/v2\/pages"}],"about":[{"href":"https:\/\/www.gb-id.org\/sk\/wp-json\/wp\/v2\/types\/page"}],"author":[{"embeddable":true,"href":"https:\/\/www.gb-id.org\/sk\/wp-json\/wp\/v2\/users\/1"}],"replies":[{"embeddable":true,"href":"https:\/\/www.gb-id.org\/sk\/wp-json\/wp\/v2\/comments?post=2890"}],"version-history":[{"count":4,"href":"https:\/\/www.gb-id.org\/sk\/wp-json\/wp\/v2\/pages\/2890\/revisions"}],"predecessor-version":[{"id":2899,"href":"https:\/\/www.gb-id.org\/sk\/wp-json\/wp\/v2\/pages\/2890\/revisions\/2899"}],"wp:attachment":[{"href":"https:\/\/www.gb-id.org\/sk\/wp-json\/wp\/v2\/media?parent=2890"}],"curies":[{"name":"wp","href":"https:\/\/api.w.org\/{rel}","templated":true}]}}